{"id":579,"date":"2023-09-12T12:28:44","date_gmt":"2023-09-12T12:28:44","guid":{"rendered":"https:\/\/medicinasiprotectiamuncii.mcdp.ro\/?page_id=579"},"modified":"2023-09-13T07:47:22","modified_gmt":"2023-09-13T07:47:22","slug":"sanatate-si-securitate-in-munca","status":"publish","type":"page","link":"https:\/\/medicinasiprotectiamuncii.mcdp.ro\/ro\/sanatate-si-securitate-in-munca\/","title":{"rendered":"S\u0102N\u0102TATE \u015eI SECURITATE \u00ceN MUNC\u0102"},"content":{"rendered":"\t\t<div data-elementor-type=\"wp-page\" data-elementor-id=\"579\" class=\"elementor elementor-579\">\n\t\t\t\t\t\t\t\t\t<section class=\"elementor-section elementor-top-section elementor-element elementor-element-e9d986b elementor-section-boxed elementor-section-height-default elementor-section-height-default\" data-id=\"e9d986b\" data-element_type=\"section\" data-settings=\"{&quot;background_background&quot;:&quot;classic&quot;}\">\n\t\t\t\t\t\t<div class=\"elementor-container elementor-column-gap-default\">\n\t\t\t\t\t<div class=\"elementor-column elementor-col-100 elementor-top-column elementor-element elementor-element-01e6a6d\" data-id=\"01e6a6d\" data-element_type=\"column\">\n\t\t\t<div class=\"elementor-widget-wrap elementor-element-populated\">\n\t\t\t\t\t\t\t\t<div class=\"elementor-element elementor-element-a002ed1 elementor-widget elementor-widget-spacer\" data-id=\"a002ed1\" data-element_type=\"widget\" data-widget_type=\"spacer.default\">\n\t\t\t\t<div class=\"elementor-widget-container\">\n\t\t\t<style>\/*! elementor - v3.15.0 - 20-08-2023 *\/\n.elementor-column .elementor-spacer-inner{height:var(--spacer-size)}.e-con{--container-widget-width:100%}.e-con-inner>.elementor-widget-spacer,.e-con>.elementor-widget-spacer{width:var(--container-widget-width,var(--spacer-size));--align-self:var(--container-widget-align-self,initial);--flex-shrink:0}.e-con-inner>.elementor-widget-spacer>.elementor-widget-container,.e-con-inner>.elementor-widget-spacer>.elementor-widget-container>.elementor-spacer,.e-con>.elementor-widget-spacer>.elementor-widget-container,.e-con>.elementor-widget-spacer>.elementor-widget-container>.elementor-spacer{height:100%}.e-con-inner>.elementor-widget-spacer>.elementor-widget-container>.elementor-spacer>.elementor-spacer-inner,.e-con>.elementor-widget-spacer>.elementor-widget-container>.elementor-spacer>.elementor-spacer-inner{height:var(--container-widget-height,var(--spacer-size))}<\/style>\t\t<div class=\"elementor-spacer\">\n\t\t\t<div class=\"elementor-spacer-inner\"><\/div>\n\t\t<\/div>\n\t\t\t\t<\/div>\n\t\t\t\t<\/div>\n\t\t\t\t\t<\/div>\n\t\t<\/div>\n\t\t\t\t\t\t\t<\/div>\n\t\t<\/section>\n\t\t\t\t<section class=\"elementor-section elementor-top-section elementor-element elementor-element-42aa952 elementor-section-boxed elementor-section-height-default elementor-section-height-default\" data-id=\"42aa952\" data-element_type=\"section\" data-settings=\"{&quot;background_background&quot;:&quot;classic&quot;}\">\n\t\t\t\t\t\t<div class=\"elementor-container elementor-column-gap-default\">\n\t\t\t\t\t<div class=\"elementor-column elementor-col-100 elementor-top-column elementor-element elementor-element-8dc3df2\" data-id=\"8dc3df2\" data-element_type=\"column\">\n\t\t\t<div class=\"elementor-widget-wrap elementor-element-populated\">\n\t\t\t\t\t\t\t\t<div class=\"elementor-element elementor-element-233b4e8 elementor-widget elementor-widget-heading\" data-id=\"233b4e8\" data-element_type=\"widget\" data-widget_type=\"heading.default\">\n\t\t\t\t<div class=\"elementor-widget-container\">\n\t\t\t<style>\/*! elementor - v3.15.0 - 20-08-2023 *\/\n.elementor-heading-title{padding:0;margin:0;line-height:1}.elementor-widget-heading .elementor-heading-title[class*=elementor-size-]>a{color:inherit;font-size:inherit;line-height:inherit}.elementor-widget-heading .elementor-heading-title.elementor-size-small{font-size:15px}.elementor-widget-heading .elementor-heading-title.elementor-size-medium{font-size:19px}.elementor-widget-heading .elementor-heading-title.elementor-size-large{font-size:29px}.elementor-widget-heading .elementor-heading-title.elementor-size-xl{font-size:39px}.elementor-widget-heading .elementor-heading-title.elementor-size-xxl{font-size:59px}<\/style><h2 class=\"elementor-heading-title elementor-size-default\">S\u0102N\u0102TATE \u015eI SECURITATE \u00ceN MUNC\u0102<\/h2>\t\t<\/div>\n\t\t\t\t<\/div>\n\t\t\t\t\t<\/div>\n\t\t<\/div>\n\t\t\t\t\t\t\t<\/div>\n\t\t<\/section>\n\t\t\t\t<section class=\"elementor-section elementor-top-section elementor-element elementor-element-723a7a1 elementor-section-boxed elementor-section-height-default elementor-section-height-default\" data-id=\"723a7a1\" data-element_type=\"section\" data-settings=\"{&quot;background_background&quot;:&quot;classic&quot;}\">\n\t\t\t\t\t\t<div class=\"elementor-container elementor-column-gap-default\">\n\t\t\t\t\t<div class=\"elementor-column elementor-col-100 elementor-top-column elementor-element elementor-element-9c45999\" data-id=\"9c45999\" data-element_type=\"column\">\n\t\t\t<div class=\"elementor-widget-wrap elementor-element-populated\">\n\t\t\t\t\t\t\t\t<div class=\"elementor-element elementor-element-febabb5 elementor-widget elementor-widget-image\" data-id=\"febabb5\" data-element_type=\"widget\" data-widget_type=\"image.default\">\n\t\t\t\t<div class=\"elementor-widget-container\">\n\t\t\t<style>\/*! elementor - v3.15.0 - 20-08-2023 *\/\n.elementor-widget-image{text-align:center}.elementor-widget-image a{display:inline-block}.elementor-widget-image a img[src$=\".svg\"]{width:48px}.elementor-widget-image img{vertical-align:middle;display:inline-block}<\/style>\t\t\t\t\t\t\t\t\t\t\t\t<img decoding=\"async\" loading=\"lazy\" width=\"1024\" height=\"512\" src=\"https:\/\/medicinasiprotectiamuncii.mcdp.ro\/wp-content\/uploads\/2023\/09\/protectia-muncii-1024x512.jpg\" class=\"attachment-large size-large wp-image-619\" alt=\"\" srcset=\"https:\/\/medicinasiprotectiamuncii.mcdp.ro\/wp-content\/uploads\/2023\/09\/protectia-muncii-1024x512.jpg 1024w, https:\/\/medicinasiprotectiamuncii.mcdp.ro\/wp-content\/uploads\/2023\/09\/protectia-muncii-300x150.jpg 300w, https:\/\/medicinasiprotectiamuncii.mcdp.ro\/wp-content\/uploads\/2023\/09\/protectia-muncii-768x384.jpg 768w, https:\/\/medicinasiprotectiamuncii.mcdp.ro\/wp-content\/uploads\/2023\/09\/protectia-muncii.jpg 1500w\" sizes=\"(max-width: 1024px) 100vw, 1024px\" \/>\t\t\t\t\t\t\t\t\t\t\t\t\t\t\t<\/div>\n\t\t\t\t<\/div>\n\t\t\t\t\t<\/div>\n\t\t<\/div>\n\t\t\t\t\t\t\t<\/div>\n\t\t<\/section>\n\t\t\t\t<section class=\"elementor-section elementor-top-section elementor-element elementor-element-4241bd9 elementor-section-boxed elementor-section-height-default elementor-section-height-default\" data-id=\"4241bd9\" data-element_type=\"section\" data-settings=\"{&quot;background_background&quot;:&quot;classic&quot;}\">\n\t\t\t\t\t\t<div class=\"elementor-container elementor-column-gap-default\">\n\t\t\t\t\t<div class=\"elementor-column elementor-col-100 elementor-top-column elementor-element elementor-element-e1a3700\" data-id=\"e1a3700\" data-element_type=\"column\">\n\t\t\t<div class=\"elementor-widget-wrap elementor-element-populated\">\n\t\t\t\t\t\t\t\t<div class=\"elementor-element elementor-element-0164de2 elementor-widget elementor-widget-spacer\" data-id=\"0164de2\" data-element_type=\"widget\" data-widget_type=\"spacer.default\">\n\t\t\t\t<div class=\"elementor-widget-container\">\n\t\t\t\t\t<div class=\"elementor-spacer\">\n\t\t\t<div class=\"elementor-spacer-inner\"><\/div>\n\t\t<\/div>\n\t\t\t\t<\/div>\n\t\t\t\t<\/div>\n\t\t\t\t\t<\/div>\n\t\t<\/div>\n\t\t\t\t\t\t\t<\/div>\n\t\t<\/section>\n\t\t\t\t<section class=\"elementor-section elementor-top-section elementor-element elementor-element-b98f548 elementor-section-boxed elementor-section-height-default elementor-section-height-default\" data-id=\"b98f548\" data-element_type=\"section\" data-settings=\"{&quot;background_background&quot;:&quot;classic&quot;}\">\n\t\t\t\t\t\t<div class=\"elementor-container elementor-column-gap-default\">\n\t\t\t\t\t<div class=\"elementor-column elementor-col-100 elementor-top-column elementor-element elementor-element-759a76f\" data-id=\"759a76f\" data-element_type=\"column\">\n\t\t\t<div class=\"elementor-widget-wrap elementor-element-populated\">\n\t\t\t\t\t\t\t\t<div class=\"elementor-element elementor-element-353e5e0 elementor-widget elementor-widget-text-editor\" data-id=\"353e5e0\" data-element_type=\"widget\" data-widget_type=\"text-editor.default\">\n\t\t\t\t<div class=\"elementor-widget-container\">\n\t\t\t<style>\/*! elementor - v3.15.0 - 20-08-2023 *\/\n.elementor-widget-text-editor.elementor-drop-cap-view-stacked .elementor-drop-cap{background-color:#69727d;color:#fff}.elementor-widget-text-editor.elementor-drop-cap-view-framed .elementor-drop-cap{color:#69727d;border:3px solid;background-color:transparent}.elementor-widget-text-editor:not(.elementor-drop-cap-view-default) .elementor-drop-cap{margin-top:8px}.elementor-widget-text-editor:not(.elementor-drop-cap-view-default) .elementor-drop-cap-letter{width:1em;height:1em}.elementor-widget-text-editor .elementor-drop-cap{float:left;text-align:center;line-height:1;font-size:50px}.elementor-widget-text-editor .elementor-drop-cap-letter{display:inline-block}<\/style>\t\t\t\t<div class=\"wpb_text_column wpb_content_element \"><div class=\"wpb_wrapper\"><div><p>Angajatorii, fie ei priva\u0163i sau de stat, sunt obliga\u0163i, potrivit Legii 319\/2006, s\u0103 respecte normele legale privind\u00a0<strong>securitatea \u015fi s\u0103n\u0103tatea \u00een munc\u0103 (SSM)<\/strong>. Astfel, chiar dac\u0103 angajatorul alege s\u0103 externalizeze aceste servicii, legea nu \u00eel exonereaz\u0103 de r\u0103spundere.<\/p><p>Dar ce m\u0103suri ar trebui s\u0103 ia un angajator pentru a respecta legea?<\/p><p>\u00cen primul r\u00e2nd s\u0103 asigure securitatea \u015fi protec\u0163ia s\u0103n\u0103t\u0103\u0163ii lucr\u0103torilor, \u00een al doilea r\u00e2nd, s\u0103 previn\u0103 riscurile profesionale, s\u0103 informeze \u015fi s\u0103 instruiasc\u0103 angaja\u0163ii. Mai mult, angajatorul are obliga\u0163ia s\u0103 implementeze m\u0103surile necesare pentru evitarea riscurilor la locul de munc\u0103, s\u0103 evalueze riscurile care nu pot fi evitate, s\u0103 combat\u0103 riscurile la surs\u0103, s\u0103 adapteze munca la om, s\u0103 aleag\u0103 echipamentele de munc\u0103 \u015fi metodele de produc\u0163ie \u00een vederea reducerii monotoniei muncii. Legea mai impune angajatorului s\u0103 se adapteze la progresul tehnic \u015fi s\u0103 \u00eenlocuiasc\u0103 ceea ce este periculos cu ceea ce nu este periculos. Nerespectarea acestor obliga\u0163ii de c\u0103tre angajator constituie contraven\u0163ie. Mai mult, atunci c\u00e2nd locurile de munc\u0103 sufer\u0103 modific\u0103ri, extinderi \u015fi\/sau transform\u0103ri, angajatorul trebuie s\u0103 ia toate m\u0103surile necesare pentru a se asigura c\u0103 aceste modific\u0103ri, extinderi \u015fi\/sau transform\u0103ri sunt \u00een concordan\u0163\u0103 cu cerin\u0163ele legale. Normele de protec\u0163ie \u015fi igien\u0103 a muncii, m\u0103surile organizatorice \u00eentreprinse de angajator, sunt ineficiente dac\u0103 cei care particip\u0103 direct la procesul muncii, adic\u0103 salaria\u0163ii, nu respect\u0103 aceste norme \u015fi m\u0103suri.<\/p><\/div><\/div><\/div><div class=\"wpb_text_column wpb_content_element \"><div class=\"wpb_wrapper\"><h3><strong>Ce servicii implica Securitate si sanatate in munca?<\/strong><\/h3><ul><li>Organizare activitate de securitate si sanatate in munca<\/li><li><u><\/u>Cercetare evenimente de munca<\/li><li>Autorizarea SSM<\/li><li>Autorizare interna pentru electricieni, manipulanti, stivuitoristi<\/li><li>Semnalistica SSM-SU<\/li><li>Furnizare echipamente individuale de protectie<\/li><li>Verificarea ISCIR<\/li><\/ul><\/div><\/div>\t\t\t\t\t\t<\/div>\n\t\t\t\t<\/div>\n\t\t\t\t\t<\/div>\n\t\t<\/div>\n\t\t\t\t\t\t\t<\/div>\n\t\t<\/section>\n\t\t\t\t\t\t\t<\/div>\n\t\t","protected":false},"excerpt":{"rendered":"<p>S\u0102N\u0102TATE \u015eI SECURITATE \u00ceN MUNC\u0102 Angajatorii, fie ei priva\u0163i sau de stat, sunt obliga\u0163i, potrivit Legii 319\/2006, s\u0103 respecte normele legale privind\u00a0securitatea \u015fi s\u0103n\u0103tatea \u00een munc\u0103 (SSM). Astfel, chiar dac\u0103 angajatorul alege s\u0103 externalizeze aceste servicii, legea nu \u00eel exonereaz\u0103 de r\u0103spundere. Dar ce m\u0103suri ar trebui s\u0103 ia un angajator pentru a respecta legea? &hellip;<\/p>\n<p class=\"read-more\"> <a class=\"\" href=\"https:\/\/medicinasiprotectiamuncii.mcdp.ro\/ro\/sanatate-si-securitate-in-munca\/\"> <span class=\"screen-reader-text\">S\u0102N\u0102TATE \u015eI SECURITATE \u00ceN MUNC\u0102<\/span> Read More &raquo;<\/a><\/p>\n","protected":false},"author":1,"featured_media":0,"parent":0,"menu_order":0,"comment_status":"closed","ping_status":"closed","template":"","meta":{"_eb_attr":"","site-sidebar-layout":"no-sidebar","site-content-layout":"page-builder","ast-site-content-layout":"full-width-container","site-content-style":"default","site-sidebar-style":"default","ast-global-header-display":"","ast-banner-title-visibility":"","ast-main-header-display":"","ast-hfb-above-header-display":"","ast-hfb-below-header-display":"","ast-hfb-mobile-header-display":"","site-post-title":"disabled","ast-breadcrumbs-content":"","ast-featured-img":"disabled","footer-sml-layout":"","theme-transparent-header-meta":"","adv-header-id-meta":"","stick-header-meta":"","header-above-stick-meta":"","header-main-stick-meta":"","header-below-stick-meta":"","astra-migrate-meta-layouts":"set","footnotes":""},"_links":{"self":[{"href":"https:\/\/medicinasiprotectiamuncii.mcdp.ro\/ro\/wp-json\/wp\/v2\/pages\/579"}],"collection":[{"href":"https:\/\/medicinasiprotectiamuncii.mcdp.ro\/ro\/wp-json\/wp\/v2\/pages"}],"about":[{"href":"https:\/\/medicinasiprotectiamuncii.mcdp.ro\/ro\/wp-json\/wp\/v2\/types\/page"}],"author":[{"embeddable":true,"href":"https:\/\/medicinasiprotectiamuncii.mcdp.ro\/ro\/wp-json\/wp\/v2\/users\/1"}],"replies":[{"embeddable":true,"href":"https:\/\/medicinasiprotectiamuncii.mcdp.ro\/ro\/wp-json\/wp\/v2\/comments?post=579"}],"version-history":[{"count":10,"href":"https:\/\/medicinasiprotectiamuncii.mcdp.ro\/ro\/wp-json\/wp\/v2\/pages\/579\/revisions"}],"predecessor-version":[{"id":628,"href":"https:\/\/medicinasiprotectiamuncii.mcdp.ro\/ro\/wp-json\/wp\/v2\/pages\/579\/revisions\/628"}],"wp:attachment":[{"href":"https:\/\/medicinasiprotectiamuncii.mcdp.ro\/ro\/wp-json\/wp\/v2\/media?parent=579"}],"curies":[{"name":"wp","href":"https:\/\/api.w.org\/{rel}","templated":true}]}}