{"id":581,"date":"2023-09-12T12:28:44","date_gmt":"2023-09-12T12:28:44","guid":{"rendered":"https:\/\/medicinasiprotectiamuncii.mcdp.ro\/?page_id=581"},"modified":"2023-09-13T07:51:02","modified_gmt":"2023-09-13T07:51:02","slug":"situatii-de-urgenta","status":"publish","type":"page","link":"https:\/\/medicinasiprotectiamuncii.mcdp.ro\/ro\/situatii-de-urgenta\/","title":{"rendered":"SITUA\u0162II DE URGEN\u0162\u0102"},"content":{"rendered":"\t\t<div data-elementor-type=\"wp-page\" data-elementor-id=\"581\" class=\"elementor elementor-581\">\n\t\t\t\t\t\t\t\t\t<section class=\"elementor-section elementor-top-section elementor-element elementor-element-e9d986b elementor-section-boxed elementor-section-height-default elementor-section-height-default\" data-id=\"e9d986b\" data-element_type=\"section\" data-settings=\"{&quot;background_background&quot;:&quot;classic&quot;}\">\n\t\t\t\t\t\t<div class=\"elementor-container elementor-column-gap-default\">\n\t\t\t\t\t<div class=\"elementor-column elementor-col-100 elementor-top-column elementor-element elementor-element-01e6a6d\" data-id=\"01e6a6d\" data-element_type=\"column\">\n\t\t\t<div class=\"elementor-widget-wrap elementor-element-populated\">\n\t\t\t\t\t\t\t\t<div class=\"elementor-element elementor-element-a002ed1 elementor-widget elementor-widget-spacer\" data-id=\"a002ed1\" data-element_type=\"widget\" data-widget_type=\"spacer.default\">\n\t\t\t\t<div class=\"elementor-widget-container\">\n\t\t\t<style>\/*! elementor - v3.15.0 - 20-08-2023 *\/\n.elementor-column .elementor-spacer-inner{height:var(--spacer-size)}.e-con{--container-widget-width:100%}.e-con-inner>.elementor-widget-spacer,.e-con>.elementor-widget-spacer{width:var(--container-widget-width,var(--spacer-size));--align-self:var(--container-widget-align-self,initial);--flex-shrink:0}.e-con-inner>.elementor-widget-spacer>.elementor-widget-container,.e-con-inner>.elementor-widget-spacer>.elementor-widget-container>.elementor-spacer,.e-con>.elementor-widget-spacer>.elementor-widget-container,.e-con>.elementor-widget-spacer>.elementor-widget-container>.elementor-spacer{height:100%}.e-con-inner>.elementor-widget-spacer>.elementor-widget-container>.elementor-spacer>.elementor-spacer-inner,.e-con>.elementor-widget-spacer>.elementor-widget-container>.elementor-spacer>.elementor-spacer-inner{height:var(--container-widget-height,var(--spacer-size))}<\/style>\t\t<div class=\"elementor-spacer\">\n\t\t\t<div class=\"elementor-spacer-inner\"><\/div>\n\t\t<\/div>\n\t\t\t\t<\/div>\n\t\t\t\t<\/div>\n\t\t\t\t\t<\/div>\n\t\t<\/div>\n\t\t\t\t\t\t\t<\/div>\n\t\t<\/section>\n\t\t\t\t<section class=\"elementor-section elementor-top-section elementor-element elementor-element-42aa952 elementor-section-boxed elementor-section-height-default elementor-section-height-default\" data-id=\"42aa952\" data-element_type=\"section\" data-settings=\"{&quot;background_background&quot;:&quot;classic&quot;}\">\n\t\t\t\t\t\t<div class=\"elementor-container elementor-column-gap-default\">\n\t\t\t\t\t<div class=\"elementor-column elementor-col-100 elementor-top-column elementor-element elementor-element-8dc3df2\" data-id=\"8dc3df2\" data-element_type=\"column\">\n\t\t\t<div class=\"elementor-widget-wrap elementor-element-populated\">\n\t\t\t\t\t\t\t\t<div class=\"elementor-element elementor-element-233b4e8 elementor-widget elementor-widget-heading\" data-id=\"233b4e8\" data-element_type=\"widget\" data-widget_type=\"heading.default\">\n\t\t\t\t<div class=\"elementor-widget-container\">\n\t\t\t<style>\/*! elementor - v3.15.0 - 20-08-2023 *\/\n.elementor-heading-title{padding:0;margin:0;line-height:1}.elementor-widget-heading .elementor-heading-title[class*=elementor-size-]>a{color:inherit;font-size:inherit;line-height:inherit}.elementor-widget-heading .elementor-heading-title.elementor-size-small{font-size:15px}.elementor-widget-heading .elementor-heading-title.elementor-size-medium{font-size:19px}.elementor-widget-heading .elementor-heading-title.elementor-size-large{font-size:29px}.elementor-widget-heading .elementor-heading-title.elementor-size-xl{font-size:39px}.elementor-widget-heading .elementor-heading-title.elementor-size-xxl{font-size:59px}<\/style><h2 class=\"elementor-heading-title elementor-size-default\">SITUA\u0162II DE URGEN\u0162\u0102<\/h2>\t\t<\/div>\n\t\t\t\t<\/div>\n\t\t\t\t\t<\/div>\n\t\t<\/div>\n\t\t\t\t\t\t\t<\/div>\n\t\t<\/section>\n\t\t\t\t<section class=\"elementor-section elementor-top-section elementor-element elementor-element-723a7a1 elementor-section-boxed elementor-section-height-default elementor-section-height-default\" data-id=\"723a7a1\" data-element_type=\"section\" data-settings=\"{&quot;background_background&quot;:&quot;classic&quot;}\">\n\t\t\t\t\t\t<div class=\"elementor-container elementor-column-gap-default\">\n\t\t\t\t\t<div class=\"elementor-column elementor-col-100 elementor-top-column elementor-element elementor-element-9c45999\" data-id=\"9c45999\" data-element_type=\"column\">\n\t\t\t<div class=\"elementor-widget-wrap elementor-element-populated\">\n\t\t\t\t\t\t\t\t<div class=\"elementor-element elementor-element-febabb5 elementor-widget elementor-widget-image\" data-id=\"febabb5\" data-element_type=\"widget\" data-widget_type=\"image.default\">\n\t\t\t\t<div class=\"elementor-widget-container\">\n\t\t\t<style>\/*! elementor - v3.15.0 - 20-08-2023 *\/\n.elementor-widget-image{text-align:center}.elementor-widget-image a{display:inline-block}.elementor-widget-image a img[src$=\".svg\"]{width:48px}.elementor-widget-image img{vertical-align:middle;display:inline-block}<\/style>\t\t\t\t\t\t\t\t\t\t\t\t<img decoding=\"async\" loading=\"lazy\" width=\"1024\" height=\"683\" src=\"https:\/\/medicinasiprotectiamuncii.mcdp.ro\/wp-content\/uploads\/2023\/09\/securite-incendie-650-1024x683.jpg\" class=\"attachment-large size-large wp-image-632\" alt=\"\" srcset=\"https:\/\/medicinasiprotectiamuncii.mcdp.ro\/wp-content\/uploads\/2023\/09\/securite-incendie-650-1024x683.jpg 1024w, https:\/\/medicinasiprotectiamuncii.mcdp.ro\/wp-content\/uploads\/2023\/09\/securite-incendie-650-300x200.jpg 300w, https:\/\/medicinasiprotectiamuncii.mcdp.ro\/wp-content\/uploads\/2023\/09\/securite-incendie-650-768x512.jpg 768w, https:\/\/medicinasiprotectiamuncii.mcdp.ro\/wp-content\/uploads\/2023\/09\/securite-incendie-650.jpg 1500w\" sizes=\"(max-width: 1024px) 100vw, 1024px\" \/>\t\t\t\t\t\t\t\t\t\t\t\t\t\t\t<\/div>\n\t\t\t\t<\/div>\n\t\t\t\t\t<\/div>\n\t\t<\/div>\n\t\t\t\t\t\t\t<\/div>\n\t\t<\/section>\n\t\t\t\t<section class=\"elementor-section elementor-top-section elementor-element elementor-element-4241bd9 elementor-section-boxed elementor-section-height-default elementor-section-height-default\" data-id=\"4241bd9\" data-element_type=\"section\" data-settings=\"{&quot;background_background&quot;:&quot;classic&quot;}\">\n\t\t\t\t\t\t<div class=\"elementor-container elementor-column-gap-default\">\n\t\t\t\t\t<div class=\"elementor-column elementor-col-100 elementor-top-column elementor-element elementor-element-e1a3700\" data-id=\"e1a3700\" data-element_type=\"column\">\n\t\t\t<div class=\"elementor-widget-wrap elementor-element-populated\">\n\t\t\t\t\t\t\t\t<div class=\"elementor-element elementor-element-0164de2 elementor-widget elementor-widget-spacer\" data-id=\"0164de2\" data-element_type=\"widget\" data-widget_type=\"spacer.default\">\n\t\t\t\t<div class=\"elementor-widget-container\">\n\t\t\t\t\t<div class=\"elementor-spacer\">\n\t\t\t<div class=\"elementor-spacer-inner\"><\/div>\n\t\t<\/div>\n\t\t\t\t<\/div>\n\t\t\t\t<\/div>\n\t\t\t\t\t<\/div>\n\t\t<\/div>\n\t\t\t\t\t\t\t<\/div>\n\t\t<\/section>\n\t\t\t\t<section class=\"elementor-section elementor-top-section elementor-element elementor-element-b98f548 elementor-section-boxed elementor-section-height-default elementor-section-height-default\" data-id=\"b98f548\" data-element_type=\"section\" data-settings=\"{&quot;background_background&quot;:&quot;classic&quot;}\">\n\t\t\t\t\t\t<div class=\"elementor-container elementor-column-gap-default\">\n\t\t\t\t\t<div class=\"elementor-column elementor-col-100 elementor-top-column elementor-element elementor-element-759a76f\" data-id=\"759a76f\" data-element_type=\"column\">\n\t\t\t<div class=\"elementor-widget-wrap elementor-element-populated\">\n\t\t\t\t\t\t\t\t<div class=\"elementor-element elementor-element-353e5e0 elementor-widget elementor-widget-text-editor\" data-id=\"353e5e0\" data-element_type=\"widget\" data-widget_type=\"text-editor.default\">\n\t\t\t\t<div class=\"elementor-widget-container\">\n\t\t\t<style>\/*! elementor - v3.15.0 - 20-08-2023 *\/\n.elementor-widget-text-editor.elementor-drop-cap-view-stacked .elementor-drop-cap{background-color:#69727d;color:#fff}.elementor-widget-text-editor.elementor-drop-cap-view-framed .elementor-drop-cap{color:#69727d;border:3px solid;background-color:transparent}.elementor-widget-text-editor:not(.elementor-drop-cap-view-default) .elementor-drop-cap{margin-top:8px}.elementor-widget-text-editor:not(.elementor-drop-cap-view-default) .elementor-drop-cap-letter{width:1em;height:1em}.elementor-widget-text-editor .elementor-drop-cap{float:left;text-align:center;line-height:1;font-size:50px}.elementor-widget-text-editor .elementor-drop-cap-letter{display:inline-block}<\/style>\t\t\t\t<div style=\"color: #777777; font-family: 'Open Sans'; font-size: 14px; text-align: justify;\"><div class=\"wpb_text_column wpb_content_element \"><div class=\"wpb_wrapper\"><p>Acest domeniu, extrem de important, este guvernat de prevederile Legii 307\/2006 privind ap\u0103rarea \u00eempotriva incendiilor, cu modificarile \u015fi completarile ulterioare dar \u015fi de Legea 481\/2004, referitoare la ap\u0103rarea civil\u0103. Angajatorii trebuie s\u0103 \u015ftie c\u0103 sunt obliga\u0163i s\u0103 fie foarte aten\u0163i la situa\u0163iile care ar putea pune \u00een pericol siguran\u0163a \u015fi s\u0103n\u0103tatea angaja\u0163ilor. \u00cendeplinirea cu succes a acestui scop presupune ca orice antreprenor s\u0103 fie bine informat. O situa\u0163ie de urgen\u0163\u0103, este practic, un eveniment \u00een afara normalit\u0103\u0163ii, care provoac\u0103 stres extrem \u015fi chiar panic\u0103, mai ales atunci c\u00e2nd se produce la locul de munc\u0103. \u00cen vederea restabilirii st\u0103rii de normalitate este necesar\u0103 adoptarea de m\u0103suri \u015fi ac\u0163iuni urgente, alocarea unor resurse materiale \u015fi umane importante printr-un management unitar bine coordonat \u015fi reglementat iar acest lucru trebuie bine gestionat de c\u0103tre orice companie. \u00cen esen\u0163\u0103, ambele legi, respectiv domenii reglementate, vizeaz\u0103 prevenirea \u015fi reducerea efectelor negative produse de situa\u0163iile de urgen\u0163\u0103 care pot afecta omul, bunurile materiale \u015fi mediul \u00eenconjur\u0103tor.<\/p><\/div><\/div><div class=\"wpb_text_column wpb_content_element \"><div class=\"wpb_wrapper\"><h3>Subservicii \u201eSituatii de urgenta \u2013 Protectie Civila\u201d<\/h3><ul><li>Organizare aparare impotriva incendiilor<\/li><li>Planuri de interventie in caz de incendiu<\/li><li>Planuri de analiza si acoperire riscuri<\/li><li>Planuri de evacuare<\/li><\/ul><\/div><\/div><\/div>\t\t\t\t\t\t<\/div>\n\t\t\t\t<\/div>\n\t\t\t\t\t<\/div>\n\t\t<\/div>\n\t\t\t\t\t\t\t<\/div>\n\t\t<\/section>\n\t\t\t\t\t\t\t<\/div>\n\t\t","protected":false},"excerpt":{"rendered":"<p>SITUA\u0162II DE URGEN\u0162\u0102 Acest domeniu, extrem de important, este guvernat de prevederile Legii 307\/2006 privind ap\u0103rarea \u00eempotriva incendiilor, cu modificarile \u015fi completarile ulterioare dar \u015fi de Legea 481\/2004, referitoare la ap\u0103rarea civil\u0103. Angajatorii trebuie s\u0103 \u015ftie c\u0103 sunt obliga\u0163i s\u0103 fie foarte aten\u0163i la situa\u0163iile care ar putea pune \u00een pericol siguran\u0163a \u015fi s\u0103n\u0103tatea angaja\u0163ilor. &hellip;<\/p>\n<p class=\"read-more\"> <a class=\"\" href=\"https:\/\/medicinasiprotectiamuncii.mcdp.ro\/ro\/situatii-de-urgenta\/\"> <span class=\"screen-reader-text\">SITUA\u0162II DE URGEN\u0162\u0102<\/span> Read More &raquo;<\/a><\/p>\n","protected":false},"author":1,"featured_media":0,"parent":0,"menu_order":0,"comment_status":"closed","ping_status":"closed","template":"","meta":{"_eb_attr":"","site-sidebar-layout":"no-sidebar","site-content-layout":"page-builder","ast-site-content-layout":"full-width-container","site-content-style":"default","site-sidebar-style":"default","ast-global-header-display":"","ast-banner-title-visibility":"","ast-main-header-display":"","ast-hfb-above-header-display":"","ast-hfb-below-header-display":"","ast-hfb-mobile-header-display":"","site-post-title":"disabled","ast-breadcrumbs-content":"","ast-featured-img":"disabled","footer-sml-layout":"","theme-transparent-header-meta":"","adv-header-id-meta":"","stick-header-meta":"","header-above-stick-meta":"","header-main-stick-meta":"","header-below-stick-meta":"","astra-migrate-meta-layouts":"set","footnotes":""},"_links":{"self":[{"href":"https:\/\/medicinasiprotectiamuncii.mcdp.ro\/ro\/wp-json\/wp\/v2\/pages\/581"}],"collection":[{"href":"https:\/\/medicinasiprotectiamuncii.mcdp.ro\/ro\/wp-json\/wp\/v2\/pages"}],"about":[{"href":"https:\/\/medicinasiprotectiamuncii.mcdp.ro\/ro\/wp-json\/wp\/v2\/types\/page"}],"author":[{"embeddable":true,"href":"https:\/\/medicinasiprotectiamuncii.mcdp.ro\/ro\/wp-json\/wp\/v2\/users\/1"}],"replies":[{"embeddable":true,"href":"https:\/\/medicinasiprotectiamuncii.mcdp.ro\/ro\/wp-json\/wp\/v2\/comments?post=581"}],"version-history":[{"count":7,"href":"https:\/\/medicinasiprotectiamuncii.mcdp.ro\/ro\/wp-json\/wp\/v2\/pages\/581\/revisions"}],"predecessor-version":[{"id":635,"href":"https:\/\/medicinasiprotectiamuncii.mcdp.ro\/ro\/wp-json\/wp\/v2\/pages\/581\/revisions\/635"}],"wp:attachment":[{"href":"https:\/\/medicinasiprotectiamuncii.mcdp.ro\/ro\/wp-json\/wp\/v2\/media?parent=581"}],"curies":[{"name":"wp","href":"https:\/\/api.w.org\/{rel}","templated":true}]}}