{"id":584,"date":"2023-09-12T12:28:43","date_gmt":"2023-09-12T12:28:43","guid":{"rendered":"https:\/\/medicinasiprotectiamuncii.mcdp.ro\/?page_id=584"},"modified":"2023-09-13T08:22:27","modified_gmt":"2023-09-13T08:22:27","slug":"evaluarea-riscuri-la-locul-de-munca","status":"publish","type":"page","link":"https:\/\/medicinasiprotectiamuncii.mcdp.ro\/ro\/evaluarea-riscuri-la-locul-de-munca\/","title":{"rendered":"EVALUARE RISCURI LA LOCUL DE MUNC\u0102"},"content":{"rendered":"\t\t<div data-elementor-type=\"wp-page\" data-elementor-id=\"584\" class=\"elementor elementor-584\">\n\t\t\t\t\t\t\t\t\t<section class=\"elementor-section elementor-top-section elementor-element elementor-element-e9d986b elementor-section-boxed elementor-section-height-default elementor-section-height-default\" data-id=\"e9d986b\" data-element_type=\"section\" data-settings=\"{&quot;background_background&quot;:&quot;classic&quot;}\">\n\t\t\t\t\t\t<div class=\"elementor-container elementor-column-gap-default\">\n\t\t\t\t\t<div class=\"elementor-column elementor-col-100 elementor-top-column elementor-element elementor-element-01e6a6d\" data-id=\"01e6a6d\" data-element_type=\"column\">\n\t\t\t<div class=\"elementor-widget-wrap elementor-element-populated\">\n\t\t\t\t\t\t\t\t<div class=\"elementor-element elementor-element-a002ed1 elementor-widget elementor-widget-spacer\" data-id=\"a002ed1\" data-element_type=\"widget\" data-widget_type=\"spacer.default\">\n\t\t\t\t<div class=\"elementor-widget-container\">\n\t\t\t<style>\/*! elementor - v3.15.0 - 20-08-2023 *\/\n.elementor-column .elementor-spacer-inner{height:var(--spacer-size)}.e-con{--container-widget-width:100%}.e-con-inner>.elementor-widget-spacer,.e-con>.elementor-widget-spacer{width:var(--container-widget-width,var(--spacer-size));--align-self:var(--container-widget-align-self,initial);--flex-shrink:0}.e-con-inner>.elementor-widget-spacer>.elementor-widget-container,.e-con-inner>.elementor-widget-spacer>.elementor-widget-container>.elementor-spacer,.e-con>.elementor-widget-spacer>.elementor-widget-container,.e-con>.elementor-widget-spacer>.elementor-widget-container>.elementor-spacer{height:100%}.e-con-inner>.elementor-widget-spacer>.elementor-widget-container>.elementor-spacer>.elementor-spacer-inner,.e-con>.elementor-widget-spacer>.elementor-widget-container>.elementor-spacer>.elementor-spacer-inner{height:var(--container-widget-height,var(--spacer-size))}<\/style>\t\t<div class=\"elementor-spacer\">\n\t\t\t<div class=\"elementor-spacer-inner\"><\/div>\n\t\t<\/div>\n\t\t\t\t<\/div>\n\t\t\t\t<\/div>\n\t\t\t\t\t<\/div>\n\t\t<\/div>\n\t\t\t\t\t\t\t<\/div>\n\t\t<\/section>\n\t\t\t\t<section class=\"elementor-section elementor-top-section elementor-element elementor-element-42aa952 elementor-section-boxed elementor-section-height-default elementor-section-height-default\" data-id=\"42aa952\" data-element_type=\"section\" data-settings=\"{&quot;background_background&quot;:&quot;classic&quot;}\">\n\t\t\t\t\t\t<div class=\"elementor-container elementor-column-gap-default\">\n\t\t\t\t\t<div class=\"elementor-column elementor-col-100 elementor-top-column elementor-element elementor-element-8dc3df2\" data-id=\"8dc3df2\" data-element_type=\"column\">\n\t\t\t<div class=\"elementor-widget-wrap elementor-element-populated\">\n\t\t\t\t\t\t\t\t<div class=\"elementor-element elementor-element-233b4e8 elementor-widget elementor-widget-heading\" data-id=\"233b4e8\" data-element_type=\"widget\" data-widget_type=\"heading.default\">\n\t\t\t\t<div class=\"elementor-widget-container\">\n\t\t\t<style>\/*! elementor - v3.15.0 - 20-08-2023 *\/\n.elementor-heading-title{padding:0;margin:0;line-height:1}.elementor-widget-heading .elementor-heading-title[class*=elementor-size-]>a{color:inherit;font-size:inherit;line-height:inherit}.elementor-widget-heading .elementor-heading-title.elementor-size-small{font-size:15px}.elementor-widget-heading .elementor-heading-title.elementor-size-medium{font-size:19px}.elementor-widget-heading .elementor-heading-title.elementor-size-large{font-size:29px}.elementor-widget-heading .elementor-heading-title.elementor-size-xl{font-size:39px}.elementor-widget-heading .elementor-heading-title.elementor-size-xxl{font-size:59px}<\/style><h2 class=\"elementor-heading-title elementor-size-default\">EVALUARE RISCURI LA LOCUL DE MUNC\u0102<\/h2>\t\t<\/div>\n\t\t\t\t<\/div>\n\t\t\t\t\t<\/div>\n\t\t<\/div>\n\t\t\t\t\t\t\t<\/div>\n\t\t<\/section>\n\t\t\t\t<section class=\"elementor-section elementor-top-section elementor-element elementor-element-723a7a1 elementor-section-boxed elementor-section-height-default elementor-section-height-default\" data-id=\"723a7a1\" data-element_type=\"section\" data-settings=\"{&quot;background_background&quot;:&quot;classic&quot;}\">\n\t\t\t\t\t\t<div class=\"elementor-container elementor-column-gap-default\">\n\t\t\t\t\t<div class=\"elementor-column elementor-col-100 elementor-top-column elementor-element elementor-element-9c45999\" data-id=\"9c45999\" data-element_type=\"column\">\n\t\t\t<div class=\"elementor-widget-wrap elementor-element-populated\">\n\t\t\t\t\t\t\t\t<div class=\"elementor-element elementor-element-febabb5 elementor-widget elementor-widget-image\" data-id=\"febabb5\" data-element_type=\"widget\" data-widget_type=\"image.default\">\n\t\t\t\t<div class=\"elementor-widget-container\">\n\t\t\t<style>\/*! elementor - v3.15.0 - 20-08-2023 *\/\n.elementor-widget-image{text-align:center}.elementor-widget-image a{display:inline-block}.elementor-widget-image a img[src$=\".svg\"]{width:48px}.elementor-widget-image img{vertical-align:middle;display:inline-block}<\/style>\t\t\t\t\t\t\t\t\t\t\t\t<img decoding=\"async\" loading=\"lazy\" width=\"1024\" height=\"683\" src=\"https:\/\/medicinasiprotectiamuncii.mcdp.ro\/wp-content\/uploads\/2023\/09\/evaluare-riscuri-1-1024x683.jpg\" class=\"attachment-large size-large wp-image-636\" alt=\"\" srcset=\"https:\/\/medicinasiprotectiamuncii.mcdp.ro\/wp-content\/uploads\/2023\/09\/evaluare-riscuri-1-1024x683.jpg 1024w, https:\/\/medicinasiprotectiamuncii.mcdp.ro\/wp-content\/uploads\/2023\/09\/evaluare-riscuri-1-300x200.jpg 300w, https:\/\/medicinasiprotectiamuncii.mcdp.ro\/wp-content\/uploads\/2023\/09\/evaluare-riscuri-1-768x513.jpg 768w, https:\/\/medicinasiprotectiamuncii.mcdp.ro\/wp-content\/uploads\/2023\/09\/evaluare-riscuri-1.jpg 1500w\" sizes=\"(max-width: 1024px) 100vw, 1024px\" \/>\t\t\t\t\t\t\t\t\t\t\t\t\t\t\t<\/div>\n\t\t\t\t<\/div>\n\t\t\t\t\t<\/div>\n\t\t<\/div>\n\t\t\t\t\t\t\t<\/div>\n\t\t<\/section>\n\t\t\t\t<section class=\"elementor-section elementor-top-section elementor-element elementor-element-4241bd9 elementor-section-boxed elementor-section-height-default elementor-section-height-default\" data-id=\"4241bd9\" data-element_type=\"section\" data-settings=\"{&quot;background_background&quot;:&quot;classic&quot;}\">\n\t\t\t\t\t\t<div class=\"elementor-container elementor-column-gap-default\">\n\t\t\t\t\t<div class=\"elementor-column elementor-col-100 elementor-top-column elementor-element elementor-element-e1a3700\" data-id=\"e1a3700\" data-element_type=\"column\">\n\t\t\t<div class=\"elementor-widget-wrap elementor-element-populated\">\n\t\t\t\t\t\t\t\t<div class=\"elementor-element elementor-element-0164de2 elementor-widget elementor-widget-spacer\" data-id=\"0164de2\" data-element_type=\"widget\" data-widget_type=\"spacer.default\">\n\t\t\t\t<div class=\"elementor-widget-container\">\n\t\t\t\t\t<div class=\"elementor-spacer\">\n\t\t\t<div class=\"elementor-spacer-inner\"><\/div>\n\t\t<\/div>\n\t\t\t\t<\/div>\n\t\t\t\t<\/div>\n\t\t\t\t\t<\/div>\n\t\t<\/div>\n\t\t\t\t\t\t\t<\/div>\n\t\t<\/section>\n\t\t\t\t<section class=\"elementor-section elementor-top-section elementor-element elementor-element-b98f548 elementor-section-boxed elementor-section-height-default elementor-section-height-default\" data-id=\"b98f548\" data-element_type=\"section\" data-settings=\"{&quot;background_background&quot;:&quot;classic&quot;}\">\n\t\t\t\t\t\t<div class=\"elementor-container elementor-column-gap-default\">\n\t\t\t\t\t<div class=\"elementor-column elementor-col-100 elementor-top-column elementor-element elementor-element-759a76f\" data-id=\"759a76f\" data-element_type=\"column\">\n\t\t\t<div class=\"elementor-widget-wrap elementor-element-populated\">\n\t\t\t\t\t\t\t\t<div class=\"elementor-element elementor-element-353e5e0 elementor-widget elementor-widget-text-editor\" data-id=\"353e5e0\" data-element_type=\"widget\" data-widget_type=\"text-editor.default\">\n\t\t\t\t<div class=\"elementor-widget-container\">\n\t\t\t<style>\/*! elementor - v3.15.0 - 20-08-2023 *\/\n.elementor-widget-text-editor.elementor-drop-cap-view-stacked .elementor-drop-cap{background-color:#69727d;color:#fff}.elementor-widget-text-editor.elementor-drop-cap-view-framed .elementor-drop-cap{color:#69727d;border:3px solid;background-color:transparent}.elementor-widget-text-editor:not(.elementor-drop-cap-view-default) .elementor-drop-cap{margin-top:8px}.elementor-widget-text-editor:not(.elementor-drop-cap-view-default) .elementor-drop-cap-letter{width:1em;height:1em}.elementor-widget-text-editor .elementor-drop-cap{float:left;text-align:center;line-height:1;font-size:50px}.elementor-widget-text-editor .elementor-drop-cap-letter{display:inline-block}<\/style>\t\t\t\t<div style=\"color: #777777; font-family: 'Open Sans'; font-size: 14px; text-align: justify;\"><div class=\"wpb_text_column wpb_content_element \"><div class=\"wpb_wrapper\"><p>Asigurarea securit\u0103\u0163ii \u0219i s\u0103n\u0103\u0163\u0103\u0163ii \u00een munc\u0103 nu este o op\u0163iune, ci o obliga\u021bie juridic\u0103 \u0219i social\u0103 important\u0103 pentru angajatori. Are ca principal scop prevenirea accidentelor de munc\u0103 \u0219i a \u00eemboln\u0103virilor profesionale. O slab\u0103 gestionare a acestui domeniu poate aduce mari prejudicii unei afaceri. Potrivit legisla\u021biei \u00een vigoare, evaluarea riscurilor profesionale poate fi f\u0103cut\u0103 fie de c\u0103tre angajator, fie de c\u0103tre un serviciu de prevenire \u015fi protec\u0163ie abilitat.\u00a0Oricine s-ar ocupa de aceast\u0103 evaluare, este important de re\u021binut c\u0103 procesul const\u0103 \u00een identificarea \u0219i estimarea riscurilor\u00a0pentru securitatea \u0219i s\u0103n\u0103tatea angaja\u021bilor, riscuri generate de pericolele de la locul de munc\u0103, cu scopul de\u00a0a identifica sursele unor posibile v\u0103t\u0103m\u0103ri<b>\u00a0<\/b>\u0219i maniera adecvat\u0103 prin care pericolele pot fi\u00a0eliminate. \u00a0\u00cen acela\u015fi timp, e necesar\u0103 identificarea unor m\u0103suri\u00a0cu ajutorul c\u0103rora\u00a0riscurile s\u0103 fie \u021binute sub control. Concret, printre responsabilit\u0103\u021bile unui angajator se num\u0103r\u0103, pe l\u00e2ng\u0103 asigurarea securit\u0103\u021bii \u0219i protec\u021bia s\u0103n\u0103t\u0103\u021bii lucr\u0103torilor s\u0103i \u0219i\u00a0prevenirea riscurilor profesionale, informarea \u0219i instruirea lucr\u0103torilor \u0219i asigurarea cadrului organizatoric \u0219i a mijloacelor necesare securit\u0103\u021bii \u0219i s\u0103n\u0103t\u0103\u021bii \u00een munc\u0103.\u00a0Merg\u00e2nd \u0219i mai \u00een detaliu, acesta trebuie s\u0103\u00a0evalueze riscurile (chiar \u0219i pe cele care nu pot fi evitate), s\u0103 le combat\u0103 chiar de la surs\u0103, s\u0103 adapteze munca la om \u0219i s\u0103 \u00eenlocuiasc\u0103 ceea ce este periculos cu ceea ce nu este periculos.<\/p><\/div><\/div><div class=\"porto-separator   m-b-lg\"><div class=\"divider divider-small  align_center solid divider-small-center\"><hr \/><\/div><\/div><div class=\"porto-blockquote wpb_content_element \"><blockquote class=\"  \"><p>\u00a0<\/p><h2>Evaluarea riscurilor la locul de munca implica \u201ePlanul de prevenire si protectie\u201d<\/h2><\/blockquote><\/div><\/div>\t\t\t\t\t\t<\/div>\n\t\t\t\t<\/div>\n\t\t\t\t\t<\/div>\n\t\t<\/div>\n\t\t\t\t\t\t\t<\/div>\n\t\t<\/section>\n\t\t\t\t\t\t\t<\/div>\n\t\t","protected":false},"excerpt":{"rendered":"<p>EVALUARE RISCURI LA LOCUL DE MUNC\u0102 Asigurarea securit\u0103\u0163ii \u0219i s\u0103n\u0103\u0163\u0103\u0163ii \u00een munc\u0103 nu este o op\u0163iune, ci o obliga\u021bie juridic\u0103 \u0219i social\u0103 important\u0103 pentru angajatori. Are ca principal scop prevenirea accidentelor de munc\u0103 \u0219i a \u00eemboln\u0103virilor profesionale. O slab\u0103 gestionare a acestui domeniu poate aduce mari prejudicii unei afaceri. Potrivit legisla\u021biei \u00een vigoare, evaluarea riscurilor &hellip;<\/p>\n<p class=\"read-more\"> <a class=\"\" href=\"https:\/\/medicinasiprotectiamuncii.mcdp.ro\/ro\/evaluarea-riscuri-la-locul-de-munca\/\"> <span class=\"screen-reader-text\">EVALUARE RISCURI LA LOCUL DE MUNC\u0102<\/span> Read More &raquo;<\/a><\/p>\n","protected":false},"author":1,"featured_media":0,"parent":0,"menu_order":0,"comment_status":"closed","ping_status":"closed","template":"","meta":{"_eb_attr":"","site-sidebar-layout":"no-sidebar","site-content-layout":"page-builder","ast-site-content-layout":"full-width-container","site-content-style":"default","site-sidebar-style":"default","ast-global-header-display":"","ast-banner-title-visibility":"","ast-main-header-display":"","ast-hfb-above-header-display":"","ast-hfb-below-header-display":"","ast-hfb-mobile-header-display":"","site-post-title":"disabled","ast-breadcrumbs-content":"","ast-featured-img":"disabled","footer-sml-layout":"","theme-transparent-header-meta":"","adv-header-id-meta":"","stick-header-meta":"","header-above-stick-meta":"","header-main-stick-meta":"","header-below-stick-meta":"","astra-migrate-meta-layouts":"set","footnotes":""},"_links":{"self":[{"href":"https:\/\/medicinasiprotectiamuncii.mcdp.ro\/ro\/wp-json\/wp\/v2\/pages\/584"}],"collection":[{"href":"https:\/\/medicinasiprotectiamuncii.mcdp.ro\/ro\/wp-json\/wp\/v2\/pages"}],"about":[{"href":"https:\/\/medicinasiprotectiamuncii.mcdp.ro\/ro\/wp-json\/wp\/v2\/types\/page"}],"author":[{"embeddable":true,"href":"https:\/\/medicinasiprotectiamuncii.mcdp.ro\/ro\/wp-json\/wp\/v2\/users\/1"}],"replies":[{"embeddable":true,"href":"https:\/\/medicinasiprotectiamuncii.mcdp.ro\/ro\/wp-json\/wp\/v2\/comments?post=584"}],"version-history":[{"count":4,"href":"https:\/\/medicinasiprotectiamuncii.mcdp.ro\/ro\/wp-json\/wp\/v2\/pages\/584\/revisions"}],"predecessor-version":[{"id":640,"href":"https:\/\/medicinasiprotectiamuncii.mcdp.ro\/ro\/wp-json\/wp\/v2\/pages\/584\/revisions\/640"}],"wp:attachment":[{"href":"https:\/\/medicinasiprotectiamuncii.mcdp.ro\/ro\/wp-json\/wp\/v2\/media?parent=584"}],"curies":[{"name":"wp","href":"https:\/\/api.w.org\/{rel}","templated":true}]}}