{"id":585,"date":"2023-09-12T12:28:44","date_gmt":"2023-09-12T12:28:44","guid":{"rendered":"https:\/\/medicinasiprotectiamuncii.mcdp.ro\/?page_id=585"},"modified":"2023-09-13T08:27:34","modified_gmt":"2023-09-13T08:27:34","slug":"verificari-masuratori","status":"publish","type":"page","link":"https:\/\/medicinasiprotectiamuncii.mcdp.ro\/ro\/verificari-masuratori\/","title":{"rendered":"VERIFIC\u0102RI, M\u0102SUR\u0102TORI \u015eI \u00ceNCERC\u0102RI ELECTRICE PRAM"},"content":{"rendered":"\t\t<div data-elementor-type=\"wp-page\" data-elementor-id=\"585\" class=\"elementor elementor-585\">\n\t\t\t\t\t\t\t\t\t<section class=\"elementor-section elementor-top-section elementor-element elementor-element-e9d986b elementor-section-boxed elementor-section-height-default elementor-section-height-default\" data-id=\"e9d986b\" data-element_type=\"section\" data-settings=\"{&quot;background_background&quot;:&quot;classic&quot;}\">\n\t\t\t\t\t\t<div class=\"elementor-container elementor-column-gap-default\">\n\t\t\t\t\t<div class=\"elementor-column elementor-col-100 elementor-top-column elementor-element elementor-element-01e6a6d\" data-id=\"01e6a6d\" data-element_type=\"column\">\n\t\t\t<div class=\"elementor-widget-wrap elementor-element-populated\">\n\t\t\t\t\t\t\t\t<div class=\"elementor-element elementor-element-a002ed1 elementor-widget elementor-widget-spacer\" data-id=\"a002ed1\" data-element_type=\"widget\" data-widget_type=\"spacer.default\">\n\t\t\t\t<div class=\"elementor-widget-container\">\n\t\t\t<style>\/*! elementor - v3.15.0 - 20-08-2023 *\/\n.elementor-column .elementor-spacer-inner{height:var(--spacer-size)}.e-con{--container-widget-width:100%}.e-con-inner>.elementor-widget-spacer,.e-con>.elementor-widget-spacer{width:var(--container-widget-width,var(--spacer-size));--align-self:var(--container-widget-align-self,initial);--flex-shrink:0}.e-con-inner>.elementor-widget-spacer>.elementor-widget-container,.e-con-inner>.elementor-widget-spacer>.elementor-widget-container>.elementor-spacer,.e-con>.elementor-widget-spacer>.elementor-widget-container,.e-con>.elementor-widget-spacer>.elementor-widget-container>.elementor-spacer{height:100%}.e-con-inner>.elementor-widget-spacer>.elementor-widget-container>.elementor-spacer>.elementor-spacer-inner,.e-con>.elementor-widget-spacer>.elementor-widget-container>.elementor-spacer>.elementor-spacer-inner{height:var(--container-widget-height,var(--spacer-size))}<\/style>\t\t<div class=\"elementor-spacer\">\n\t\t\t<div class=\"elementor-spacer-inner\"><\/div>\n\t\t<\/div>\n\t\t\t\t<\/div>\n\t\t\t\t<\/div>\n\t\t\t\t\t<\/div>\n\t\t<\/div>\n\t\t\t\t\t\t\t<\/div>\n\t\t<\/section>\n\t\t\t\t<section class=\"elementor-section elementor-top-section elementor-element elementor-element-42aa952 elementor-section-boxed elementor-section-height-default elementor-section-height-default\" data-id=\"42aa952\" data-element_type=\"section\" data-settings=\"{&quot;background_background&quot;:&quot;classic&quot;}\">\n\t\t\t\t\t\t<div class=\"elementor-container elementor-column-gap-default\">\n\t\t\t\t\t<div class=\"elementor-column elementor-col-100 elementor-top-column elementor-element elementor-element-8dc3df2\" data-id=\"8dc3df2\" data-element_type=\"column\">\n\t\t\t<div class=\"elementor-widget-wrap elementor-element-populated\">\n\t\t\t\t\t\t\t\t<div class=\"elementor-element elementor-element-233b4e8 elementor-widget elementor-widget-heading\" data-id=\"233b4e8\" data-element_type=\"widget\" data-widget_type=\"heading.default\">\n\t\t\t\t<div class=\"elementor-widget-container\">\n\t\t\t<style>\/*! elementor - v3.15.0 - 20-08-2023 *\/\n.elementor-heading-title{padding:0;margin:0;line-height:1}.elementor-widget-heading .elementor-heading-title[class*=elementor-size-]>a{color:inherit;font-size:inherit;line-height:inherit}.elementor-widget-heading .elementor-heading-title.elementor-size-small{font-size:15px}.elementor-widget-heading .elementor-heading-title.elementor-size-medium{font-size:19px}.elementor-widget-heading .elementor-heading-title.elementor-size-large{font-size:29px}.elementor-widget-heading .elementor-heading-title.elementor-size-xl{font-size:39px}.elementor-widget-heading .elementor-heading-title.elementor-size-xxl{font-size:59px}<\/style><h2 class=\"elementor-heading-title elementor-size-default\">VERIFIC\u0102RI, M\u0102SUR\u0102TORI \u015eI \u00ceNCERC\u0102RI ELECTRICE PRAM\n<\/h2>\t\t<\/div>\n\t\t\t\t<\/div>\n\t\t\t\t\t<\/div>\n\t\t<\/div>\n\t\t\t\t\t\t\t<\/div>\n\t\t<\/section>\n\t\t\t\t<section class=\"elementor-section elementor-top-section elementor-element elementor-element-723a7a1 elementor-section-boxed elementor-section-height-default elementor-section-height-default\" data-id=\"723a7a1\" data-element_type=\"section\" data-settings=\"{&quot;background_background&quot;:&quot;classic&quot;}\">\n\t\t\t\t\t\t<div class=\"elementor-container elementor-column-gap-default\">\n\t\t\t\t\t<div class=\"elementor-column elementor-col-100 elementor-top-column elementor-element elementor-element-9c45999\" data-id=\"9c45999\" data-element_type=\"column\">\n\t\t\t<div class=\"elementor-widget-wrap elementor-element-populated\">\n\t\t\t\t\t\t\t\t<div class=\"elementor-element elementor-element-febabb5 elementor-widget elementor-widget-image\" data-id=\"febabb5\" data-element_type=\"widget\" data-widget_type=\"image.default\">\n\t\t\t\t<div class=\"elementor-widget-container\">\n\t\t\t<style>\/*! elementor - v3.15.0 - 20-08-2023 *\/\n.elementor-widget-image{text-align:center}.elementor-widget-image a{display:inline-block}.elementor-widget-image a img[src$=\".svg\"]{width:48px}.elementor-widget-image img{vertical-align:middle;display:inline-block}<\/style>\t\t\t\t\t\t\t\t\t\t\t\t<img decoding=\"async\" loading=\"lazy\" width=\"1024\" height=\"683\" src=\"https:\/\/medicinasiprotectiamuncii.mcdp.ro\/wp-content\/uploads\/2023\/09\/verificari-masurari-pram-463x348-1-1024x683.jpg\" class=\"attachment-large size-large wp-image-641\" alt=\"\" srcset=\"https:\/\/medicinasiprotectiamuncii.mcdp.ro\/wp-content\/uploads\/2023\/09\/verificari-masurari-pram-463x348-1-1024x683.jpg 1024w, https:\/\/medicinasiprotectiamuncii.mcdp.ro\/wp-content\/uploads\/2023\/09\/verificari-masurari-pram-463x348-1-300x200.jpg 300w, https:\/\/medicinasiprotectiamuncii.mcdp.ro\/wp-content\/uploads\/2023\/09\/verificari-masurari-pram-463x348-1-768x512.jpg 768w, https:\/\/medicinasiprotectiamuncii.mcdp.ro\/wp-content\/uploads\/2023\/09\/verificari-masurari-pram-463x348-1.jpg 1500w\" sizes=\"(max-width: 1024px) 100vw, 1024px\" \/>\t\t\t\t\t\t\t\t\t\t\t\t\t\t\t<\/div>\n\t\t\t\t<\/div>\n\t\t\t\t\t<\/div>\n\t\t<\/div>\n\t\t\t\t\t\t\t<\/div>\n\t\t<\/section>\n\t\t\t\t<section class=\"elementor-section elementor-top-section elementor-element elementor-element-4241bd9 elementor-section-boxed elementor-section-height-default elementor-section-height-default\" data-id=\"4241bd9\" data-element_type=\"section\" data-settings=\"{&quot;background_background&quot;:&quot;classic&quot;}\">\n\t\t\t\t\t\t<div class=\"elementor-container elementor-column-gap-default\">\n\t\t\t\t\t<div class=\"elementor-column elementor-col-100 elementor-top-column elementor-element elementor-element-e1a3700\" data-id=\"e1a3700\" data-element_type=\"column\">\n\t\t\t<div class=\"elementor-widget-wrap elementor-element-populated\">\n\t\t\t\t\t\t\t\t<div class=\"elementor-element elementor-element-0164de2 elementor-widget elementor-widget-spacer\" data-id=\"0164de2\" data-element_type=\"widget\" data-widget_type=\"spacer.default\">\n\t\t\t\t<div class=\"elementor-widget-container\">\n\t\t\t\t\t<div class=\"elementor-spacer\">\n\t\t\t<div class=\"elementor-spacer-inner\"><\/div>\n\t\t<\/div>\n\t\t\t\t<\/div>\n\t\t\t\t<\/div>\n\t\t\t\t\t<\/div>\n\t\t<\/div>\n\t\t\t\t\t\t\t<\/div>\n\t\t<\/section>\n\t\t\t\t<section class=\"elementor-section elementor-top-section elementor-element elementor-element-b98f548 elementor-section-boxed elementor-section-height-default elementor-section-height-default\" data-id=\"b98f548\" data-element_type=\"section\" data-settings=\"{&quot;background_background&quot;:&quot;classic&quot;}\">\n\t\t\t\t\t\t<div class=\"elementor-container elementor-column-gap-default\">\n\t\t\t\t\t<div class=\"elementor-column elementor-col-100 elementor-top-column elementor-element elementor-element-759a76f\" data-id=\"759a76f\" data-element_type=\"column\">\n\t\t\t<div class=\"elementor-widget-wrap elementor-element-populated\">\n\t\t\t\t\t\t\t\t<div class=\"elementor-element elementor-element-353e5e0 elementor-widget elementor-widget-text-editor\" data-id=\"353e5e0\" data-element_type=\"widget\" data-widget_type=\"text-editor.default\">\n\t\t\t\t<div class=\"elementor-widget-container\">\n\t\t\t<style>\/*! elementor - v3.15.0 - 20-08-2023 *\/\n.elementor-widget-text-editor.elementor-drop-cap-view-stacked .elementor-drop-cap{background-color:#69727d;color:#fff}.elementor-widget-text-editor.elementor-drop-cap-view-framed .elementor-drop-cap{color:#69727d;border:3px solid;background-color:transparent}.elementor-widget-text-editor:not(.elementor-drop-cap-view-default) .elementor-drop-cap{margin-top:8px}.elementor-widget-text-editor:not(.elementor-drop-cap-view-default) .elementor-drop-cap-letter{width:1em;height:1em}.elementor-widget-text-editor .elementor-drop-cap{float:left;text-align:center;line-height:1;font-size:50px}.elementor-widget-text-editor .elementor-drop-cap-letter{display:inline-block}<\/style>\t\t\t\t<div style=\"color: #777777; font-family: 'Open Sans'; font-size: 14px; text-align: justify;\"><p style=\"margin-bottom: 20px; line-height: 24px; font-size: 14px; font-style: normal; font-weight: 400;\"><span style=\"margin-bottom: 0px;\">Verific\u0103rile periodice PRAM sunt obiective de control ale institu\u0163iilor abilitate ale statului cum ar fi: Inspectoratul Teritorial de Munc\u0103, Protec\u0163ia Consumatorului \u015fi Inspectoratul pentru Situa\u0163ii de Urgen\u0163\u0103. Verificarea periodic\u0103 a instala\u0163iilor electrice este necesar\u0103 deoarece toate instala\u0163iile se deterioreaz\u0103 din cauza mai multor factori, printre care enumer\u0103m: \u00eenc\u0103rcarea excesiv\u0103 a circuitelor, uzura echipamentelor, coroziunea sau \u00eemb\u0103tr\u00e2nirea izola\u0163iilor.\u00a0\u00cen consecin\u0163\u0103, legislatia prevede ca instalatiile electrice s\u0103 fie men\u0163inute \u00eentr-o stare corespunzatoare de siguran\u0163\u0103, iar pentru asta ele trebuie s\u0103 fie inspectate \u015fi testate periodic.\u00a0\u00cen acest fel putem evita situa\u0163iile extreme nedorite, cum ar fi:<\/span><\/p><ul style=\"margin-bottom: 0px; font-size: 14px; font-style: normal; font-weight: 400; text-align: left;\"><li style=\"line-height: 24px; text-align: justify;\"><span style=\"margin-bottom: 0px;\">incendiile,<\/span><\/li><li style=\"line-height: 24px; text-align: justify;\"><span style=\"margin-bottom: 0px;\">electrocutarile ori \u00eentreruperea aliment\u0103rii cu energie.<\/span><\/li><\/ul><\/div>\t\t\t\t\t\t<\/div>\n\t\t\t\t<\/div>\n\t\t\t\t\t<\/div>\n\t\t<\/div>\n\t\t\t\t\t\t\t<\/div>\n\t\t<\/section>\n\t\t\t\t\t\t\t<\/div>\n\t\t","protected":false},"excerpt":{"rendered":"<p>VERIFIC\u0102RI, M\u0102SUR\u0102TORI \u015eI \u00ceNCERC\u0102RI ELECTRICE PRAM Verific\u0103rile periodice PRAM sunt obiective de control ale institu\u0163iilor abilitate ale statului cum ar fi: Inspectoratul Teritorial de Munc\u0103, Protec\u0163ia Consumatorului \u015fi Inspectoratul pentru Situa\u0163ii de Urgen\u0163\u0103. Verificarea periodic\u0103 a instala\u0163iilor electrice este necesar\u0103 deoarece toate instala\u0163iile se deterioreaz\u0103 din cauza mai multor factori, printre care enumer\u0103m: \u00eenc\u0103rcarea excesiv\u0103 &hellip;<\/p>\n<p class=\"read-more\"> <a class=\"\" href=\"https:\/\/medicinasiprotectiamuncii.mcdp.ro\/ro\/verificari-masuratori\/\"> <span class=\"screen-reader-text\">VERIFIC\u0102RI, M\u0102SUR\u0102TORI \u015eI \u00ceNCERC\u0102RI ELECTRICE PRAM<\/span> Read More &raquo;<\/a><\/p>\n","protected":false},"author":1,"featured_media":0,"parent":0,"menu_order":0,"comment_status":"closed","ping_status":"closed","template":"","meta":{"_eb_attr":"","site-sidebar-layout":"no-sidebar","site-content-layout":"page-builder","ast-site-content-layout":"full-width-container","site-content-style":"default","site-sidebar-style":"default","ast-global-header-display":"","ast-banner-title-visibility":"","ast-main-header-display":"","ast-hfb-above-header-display":"","ast-hfb-below-header-display":"","ast-hfb-mobile-header-display":"","site-post-title":"disabled","ast-breadcrumbs-content":"","ast-featured-img":"disabled","footer-sml-layout":"","theme-transparent-header-meta":"","adv-header-id-meta":"","stick-header-meta":"","header-above-stick-meta":"","header-main-stick-meta":"","header-below-stick-meta":"","astra-migrate-meta-layouts":"set","footnotes":""},"_links":{"self":[{"href":"https:\/\/medicinasiprotectiamuncii.mcdp.ro\/ro\/wp-json\/wp\/v2\/pages\/585"}],"collection":[{"href":"https:\/\/medicinasiprotectiamuncii.mcdp.ro\/ro\/wp-json\/wp\/v2\/pages"}],"about":[{"href":"https:\/\/medicinasiprotectiamuncii.mcdp.ro\/ro\/wp-json\/wp\/v2\/types\/page"}],"author":[{"embeddable":true,"href":"https:\/\/medicinasiprotectiamuncii.mcdp.ro\/ro\/wp-json\/wp\/v2\/users\/1"}],"replies":[{"embeddable":true,"href":"https:\/\/medicinasiprotectiamuncii.mcdp.ro\/ro\/wp-json\/wp\/v2\/comments?post=585"}],"version-history":[{"count":4,"href":"https:\/\/medicinasiprotectiamuncii.mcdp.ro\/ro\/wp-json\/wp\/v2\/pages\/585\/revisions"}],"predecessor-version":[{"id":644,"href":"https:\/\/medicinasiprotectiamuncii.mcdp.ro\/ro\/wp-json\/wp\/v2\/pages\/585\/revisions\/644"}],"wp:attachment":[{"href":"https:\/\/medicinasiprotectiamuncii.mcdp.ro\/ro\/wp-json\/wp\/v2\/media?parent=585"}],"curies":[{"name":"wp","href":"https:\/\/api.w.org\/{rel}","templated":true}]}}